{"id":2164,"date":"2024-12-27T15:53:28","date_gmt":"2024-12-27T15:53:28","guid":{"rendered":"https:\/\/bcn.myplacenet.app\/?page_id=2164"},"modified":"2025-02-19T12:35:29","modified_gmt":"2025-02-19T12:35:29","slug":"social","status":"publish","type":"page","link":"https:\/\/bcn.myplacenet.app\/ca\/social\/","title":{"rendered":"Social"},"content":{"rendered":"\t\t<div data-elementor-type=\"wp-page\" data-elementor-id=\"2164\" class=\"elementor elementor-2164 elementor-616\">\n\t\t\t\t<div class=\"elementor-element elementor-element-e47ff6a e-flex e-con-boxed e-con e-parent\" data-id=\"e47ff6a\" data-element_type=\"container\">\n\t\t\t\t\t<div class=\"e-con-inner\">\n\t\t\t\t<div class=\"elementor-element elementor-element-5ec1298 elementor-widget elementor-widget-mobiokit-tabs-widget\" data-id=\"5ec1298\" data-element_type=\"widget\" data-widget_type=\"mobiokit-tabs-widget.default\">\n\t\t\t\t<div class=\"elementor-widget-container\">\n\t\t\t\t\t<div class=\"tabs lua-tabs tabs--style1 mb-20\" style=\"\">\r\n            <input type=\"radio\" name=\"tabs3\" class=\"tabs__radio\" id=\"tabc91e2f5\" checked=\"checked\">\r\n        <label class=\"tabs__label tabs__label--13\" for=\"tabc91e2f5\">\r\n                                <img decoding=\"async\" class=\"tab-icon\" src=\"https:\/\/bcn.myplacenet.app\/wp-content\/uploads\/2025\/01\/Icon10.svg\" alt=\"icono XAT\">\r\n                            XAT        <\/label>\r\n        <div class=\"lua_tabs__content tabs__content\" data-id=\"tabc91e2f5\">\r\n            <p style=\"text-align: center;\"><strong>Connecta amb persones que es troben al mateix lloc que tu.<\/strong><\/p><p><img decoding=\"async\" class=\"wp-image-1522 size-medium aligncenter\" src=\"https:\/\/bcn.myplacenet.app\/wp-content\/uploads\/2025\/01\/Img1-e1738839754220-300x83.png\" alt=\"\" width=\"300\" height=\"83\" srcset=\"https:\/\/bcn.myplacenet.app\/wp-content\/uploads\/sites\/20\/2025\/01\/Img1-e1738839754220-300x83.png 300w, https:\/\/bcn.myplacenet.app\/wp-content\/uploads\/sites\/20\/2025\/01\/Img1-e1738839754220-1024x284.png 1024w, https:\/\/bcn.myplacenet.app\/wp-content\/uploads\/sites\/20\/2025\/01\/Img1-e1738839754220-768x213.png 768w, https:\/\/bcn.myplacenet.app\/wp-content\/uploads\/sites\/20\/2025\/01\/Img1-e1738839754220.png 1070w\" sizes=\"(max-width: 300px) 100vw, 300px\" \/><\/p>        <\/div>\r\n            <input type=\"radio\" name=\"tabs3\" class=\"tabs__radio\" id=\"tabc69b31f\" >\r\n        <label class=\"tabs__label tabs__label--13\" for=\"tabc69b31f\">\r\n                                <img decoding=\"async\" class=\"tab-icon\" src=\"https:\/\/bcn.myplacenet.app\/wp-content\/uploads\/2025\/01\/Icon11.svg\" alt=\"icono With me\">\r\n                            With me        <\/label>\r\n        <div class=\"lua_tabs__content tabs__content\" data-id=\"tabc69b31f\">\r\n            <p style=\"text-align: center;\"><strong>Crea esdeveniments o participa en plans organitzats AQU\u00cd.<\/strong><\/p><p><img decoding=\"async\" class=\"wp-image-1523 size-medium aligncenter\" src=\"https:\/\/bcn.myplacenet.app\/wp-content\/uploads\/2025\/01\/Img2-e1738839883331-300x83.png\" alt=\"\" width=\"300\" height=\"83\" srcset=\"https:\/\/bcn.myplacenet.app\/wp-content\/uploads\/sites\/20\/2025\/01\/Img2-e1738839883331-300x83.png 300w, https:\/\/bcn.myplacenet.app\/wp-content\/uploads\/sites\/20\/2025\/01\/Img2-e1738839883331-1024x284.png 1024w, https:\/\/bcn.myplacenet.app\/wp-content\/uploads\/sites\/20\/2025\/01\/Img2-e1738839883331-768x213.png 768w, https:\/\/bcn.myplacenet.app\/wp-content\/uploads\/sites\/20\/2025\/01\/Img2-e1738839883331.png 1080w\" sizes=\"(max-width: 300px) 100vw, 300px\" \/><\/p>        <\/div>\r\n            <input type=\"radio\" name=\"tabs3\" class=\"tabs__radio\" id=\"tab225fbc5\" >\r\n        <label class=\"tabs__label tabs__label--13\" for=\"tab225fbc5\">\r\n                                <img decoding=\"async\" class=\"tab-icon\" src=\"https:\/\/bcn.myplacenet.app\/wp-content\/uploads\/2025\/01\/Icon12.svg\" alt=\"icono Anuncis\">\r\n                            Anuncis        <\/label>\r\n        <div class=\"lua_tabs__content tabs__content\" data-id=\"tab225fbc5\">\r\n            <p style=\"text-align: center;\"><strong>P\u00fablica o consulta anuncis relacionats amb aquest lloc.<\/strong><\/p><p><img decoding=\"async\" class=\"wp-image-1533 size-medium aligncenter\" src=\"https:\/\/bcn.myplacenet.app\/wp-content\/uploads\/2025\/01\/Img3-e1738839910538-300x79.png\" alt=\"\" width=\"300\" height=\"79\" srcset=\"https:\/\/bcn.myplacenet.app\/wp-content\/uploads\/sites\/20\/2025\/01\/Img3-e1738839910538-300x79.png 300w, https:\/\/bcn.myplacenet.app\/wp-content\/uploads\/sites\/20\/2025\/01\/Img3-e1738839910538-1024x269.png 1024w, https:\/\/bcn.myplacenet.app\/wp-content\/uploads\/sites\/20\/2025\/01\/Img3-e1738839910538-768x202.png 768w, https:\/\/bcn.myplacenet.app\/wp-content\/uploads\/sites\/20\/2025\/01\/Img3-e1738839910538.png 1080w\" sizes=\"(max-width: 300px) 100vw, 300px\" \/><\/p>        <\/div>\r\n    <\/div>\r\n\t\t\t\t<\/div>\n\t\t\t\t<\/div>\n\t\t\t\t<div class=\"elementor-element elementor-element-59a99e2 elementor-widget elementor-widget-mobiokit-cards-widget\" data-id=\"59a99e2\" data-element_type=\"widget\" data-widget_type=\"mobiokit-cards-widget.default\">\n\t\t\t\t<div class=\"elementor-widget-container\">\n\t\t\t\t\t<div class=\"cards cards--11 card_lua\">\r\n    <div class=\"card card--style-cover card--style-round-corners\" style=\"background-image:url();\">\r\n                                <h2 class=\"card__title card__title--centered\">COMEN\u00c7A A XATEJAR<\/h2>\r\n                \r\n                    <\/div>\r\n<\/div>\t\t\t\t<\/div>\n\t\t\t\t<\/div>\n\t\t\t\t\t<\/div>\n\t\t\t\t<\/div>\n\t\t<div class=\"elementor-element elementor-element-b7eac11 e-flex e-con-boxed e-con e-parent\" data-id=\"b7eac11\" data-element_type=\"container\">\n\t\t\t\t\t<div class=\"e-con-inner\">\n\t\t<div class=\"elementor-element elementor-element-cb31262 e-con-full e-flex e-con e-child\" data-id=\"cb31262\" data-element_type=\"container\">\n\t\t\t\t<div class=\"elementor-element elementor-element-b7b4442 elementor-widget elementor-widget-mobiokit-cards-widget\" data-id=\"b7b4442\" data-element_type=\"widget\" data-widget_type=\"mobiokit-cards-widget.default\">\n\t\t\t\t<div class=\"elementor-widget-container\">\n\t\t\t\t\t<div class=\"cards cards--11\">\r\n    <div class=\"card card--style-inline card--style-inline-bg card--style-round-corners card_lua\">\r\n        <div class=\"card__icon\">\r\n            <img decoding=\"async\" src=\"https:\/\/bcn.myplacenet.app\/wp-content\/uploads\/2025\/01\/user-speak-rounded-outline.svg\" alt=\"\" title=\"\"\/>        <\/div>\r\n        <div class=\"card__details\">\r\n            <h4 class=\"card__title\"><\/h4>\r\n            <p class=\"card__text\">Connecta amb els usuaris que es trobin al mateix lloc que tu.<\/p>\r\n        <\/div>\r\n        <div class=\"card__imag\" style=\"background-image: url(Array)\">\r\n\r\n        <\/div>\r\n    <\/div>\r\n<\/div>\r\n\t\t\t\t<\/div>\n\t\t\t\t<\/div>\n\t\t\t\t<div class=\"elementor-element elementor-element-faf0636 elementor-widget elementor-widget-mobiokit-cards-widget\" data-id=\"faf0636\" data-element_type=\"widget\" data-widget_type=\"mobiokit-cards-widget.default\">\n\t\t\t\t<div class=\"elementor-widget-container\">\n\t\t\t\t\t<div class=\"cards cards--11\">\r\n    <div class=\"card card--style-inline card--style-inline-bg card--style-round-corners card_lua\">\r\n        <div class=\"card__icon\">\r\n            <img decoding=\"async\" src=\"https:\/\/bcn.myplacenet.app\/wp-content\/uploads\/2025\/01\/Icon8.svg\" alt=\"\" title=\"\"\/>        <\/div>\r\n        <div class=\"card__details\">\r\n            <h4 class=\"card__title\"><\/h4>\r\n            <p class=\"card__text\">Utilitza el xat, with me i els anuncis per\ndescobrir activitats i unir-te a plans.<\/p>\r\n        <\/div>\r\n        <div class=\"card__imag\" style=\"background-image: url(Array)\">\r\n\r\n        <\/div>\r\n    <\/div>\r\n<\/div>\r\n\t\t\t\t<\/div>\n\t\t\t\t<\/div>\n\t\t\t\t<div class=\"elementor-element elementor-element-ff4ef16 elementor-widget elementor-widget-mobiokit-cards-widget\" data-id=\"ff4ef16\" data-element_type=\"widget\" data-widget_type=\"mobiokit-cards-widget.default\">\n\t\t\t\t<div class=\"elementor-widget-container\">\n\t\t\t\t\t<div class=\"cards cards--11\">\r\n    <div class=\"card card--style-inline card--style-inline-bg card--style-round-corners card_lua\">\r\n        <div class=\"card__icon\">\r\n            <img decoding=\"async\" src=\"https:\/\/bcn.myplacenet.app\/wp-content\/uploads\/2025\/01\/Icon9.svg\" alt=\"\" title=\"\"\/>        <\/div>\r\n        <div class=\"card__details\">\r\n            <h4 class=\"card__title\"><\/h4>\r\n            <p class=\"card__text\">Interactua en temps real, sense necessitat de\ncompartir les vostres dades de contacte.<\/p>\r\n        <\/div>\r\n        <div class=\"card__imag\" style=\"background-image: url(Array)\">\r\n\r\n        <\/div>\r\n    <\/div>\r\n<\/div>\r\n\t\t\t\t<\/div>\n\t\t\t\t<\/div>\n\t\t\t\t<\/div>\n\t\t\t\t<div class=\"elementor-element elementor-element-e71b3e4 elementor-hidden-desktop elementor-hidden-tablet elementor-hidden-mobile elementor-widget elementor-widget-mobiokit-chat-widget\" data-id=\"e71b3e4\" data-element_type=\"widget\" data-widget_type=\"mobiokit-chat-widget.default\">\n\t\t\t\t<div class=\"elementor-widget-container\">\n\t\t\t\t\t<div class=\"box_chat\">\r\n    <div class=\"top_tools\">\r\n        <div class=\"title\">\r\n            <img decoding=\"async\" src=\"https:\/\/bcn.myplacenet.app\/wp-content\/uploads\/2025\/01\/Icon13.svg\" alt=\"Echoes\">            Echoes        <\/div>\r\n        <a class=\"button button-add-media btn_compartir\">\r\n                            <i class=\"fas fa-wifi\"><\/i>\r\n                        Compartir        <\/a>\r\n    <\/div>\r\n        <ul class=\"conversations\">\r\n                    <p>No hay comentarios.<\/p>\r\n            <\/ul>\r\n\r\n            \t<div id=\"respond\" class=\"comment-respond\">\n\t\t<h3 id=\"reply-title\" class=\"comment-reply-title\">\u00bfQu\u00e9 est\u00e1s haciendo ahora? <small><a rel=\"nofollow\" id=\"cancel-comment-reply-link\" href=\"\/ca\/wp-json\/wp\/v2\/pages\/2164#respond\" style=\"display:none;\">Cancel\u00b7la les respostes<\/a><\/small><\/h3><form action=\"https:\/\/bcn.myplacenet.app\/wp-comments-post.php\" method=\"post\" id=\"commentform\" class=\"comment-form\"><textarea id=\"comment\" name=\"comment\" rows=\"4\" placeholder=\"Escribe aqu\u00ed tu mensaje...\" required><\/textarea><input name=\"wpml_language_code\" type=\"hidden\" value=\"ca\" \/><input id=\"author\" name=\"author\" type=\"text\" placeholder=\"Tu nombre\" >\n<p class=\"form-submit\"><input name=\"submit\" type=\"submit\" id=\"submit\" class=\"submit\" value=\"Publicar\" \/> <input type='hidden' name='comment_post_ID' value='2164' id='comment_post_ID' \/>\n<input type='hidden' name='comment_parent' id='comment_parent' value='0' \/>\n<\/p><\/form>\t<\/div><!-- #respond -->\n\t    <\/div>\r\n\t\t\t\t<\/div>\n\t\t\t\t<\/div>\n\t\t\t\t\t<\/div>\n\t\t\t\t<\/div>\n\t\t\t\t<\/div>\n\t\t","protected":false},"excerpt":{"rendered":"<p>XAT Connecta amb persones que es troben al mateix lloc que tu. With me Crea esdeveniments o participa en plans organitzats AQU\u00cd. Anuncis P\u00fablica o consulta anuncis relacionats amb aquest lloc. COMEN\u00c7A A XATEJAR Connecta amb els usuaris que es trobin al mateix lloc que tu. Utilitza el xat, with me i els anuncis per [&hellip;]<\/p>\n","protected":false},"author":2,"featured_media":0,"parent":0,"menu_order":0,"comment_status":"open","ping_status":"closed","template":"","meta":{"footnotes":""},"class_list":["post-2164","page","type-page","status-publish","hentry"],"yoast_head":"<!-- This site is optimized with the Yoast SEO plugin v24.4 - https:\/\/yoast.com\/wordpress\/plugins\/seo\/ -->\n<title>Socialitza en Temps Real amb Placenet - Xat Segur i Privat<\/title>\n<meta name=\"description\" content=\"Amb Placenet pots xatejar en temps real, descobrir activitats i con\u00e8ixer persones a la teva zona sense compartir les teves dades personals. Uneix-te ara!&quot;\" \/>\n<meta name=\"robots\" content=\"index, follow, max-snippet:-1, max-image-preview:large, max-video-preview:-1\" \/>\n<link rel=\"canonical\" href=\"https:\/\/bcn.myplacenet.app\/ca\/social\/\" \/>\n<meta property=\"og:locale\" content=\"ca_ES\" \/>\n<meta property=\"og:type\" content=\"article\" \/>\n<meta property=\"og:title\" content=\"Socialitza en Temps Real amb Placenet - Xat Segur i Privat\" \/>\n<meta property=\"og:description\" content=\"Amb Placenet pots xatejar en temps real, descobrir activitats i con\u00e8ixer persones a la teva zona sense compartir les teves dades personals. Uneix-te ara!&quot;\" \/>\n<meta property=\"og:url\" content=\"https:\/\/bcn.myplacenet.app\/ca\/social\/\" \/>\n<meta property=\"og:site_name\" content=\"Placenet BCN\" \/>\n<meta property=\"article:modified_time\" content=\"2025-02-19T12:35:29+00:00\" \/>\n<meta property=\"og:image\" content=\"https:\/\/bcn.myplacenet.app\/wp-content\/uploads\/2025\/01\/Icon10.svg\" \/>\n<meta name=\"twitter:card\" content=\"summary_large_image\" \/>\n<meta name=\"twitter:label1\" content=\"Temps estimat de lectura\" \/>\n\t<meta name=\"twitter:data1\" content=\"3 minuts\" \/>\n<script type=\"application\/ld+json\" class=\"yoast-schema-graph\">{\"@context\":\"https:\/\/schema.org\",\"@graph\":[{\"@type\":\"WebPage\",\"@id\":\"https:\/\/bcn.myplacenet.app\/ca\/social\/\",\"url\":\"https:\/\/bcn.myplacenet.app\/ca\/social\/\",\"name\":\"Socialitza en Temps Real amb Placenet - Xat Segur i Privat\",\"isPartOf\":{\"@id\":\"https:\/\/bcn.myplacenet.app\/ca\/#website\"},\"primaryImageOfPage\":{\"@id\":\"https:\/\/bcn.myplacenet.app\/ca\/social\/#primaryimage\"},\"image\":{\"@id\":\"https:\/\/bcn.myplacenet.app\/ca\/social\/#primaryimage\"},\"thumbnailUrl\":\"https:\/\/bcn.myplacenet.app\/wp-content\/uploads\/2025\/01\/Icon10.svg\",\"datePublished\":\"2024-12-27T15:53:28+00:00\",\"dateModified\":\"2025-02-19T12:35:29+00:00\",\"description\":\"Amb Placenet pots xatejar en temps real, descobrir activitats i con\u00e8ixer persones a la teva zona sense compartir les teves dades personals. Uneix-te ara!\\\"\",\"breadcrumb\":{\"@id\":\"https:\/\/bcn.myplacenet.app\/ca\/social\/#breadcrumb\"},\"inLanguage\":\"ca\",\"potentialAction\":[{\"@type\":\"ReadAction\",\"target\":[\"https:\/\/bcn.myplacenet.app\/ca\/social\/\"]}]},{\"@type\":\"ImageObject\",\"inLanguage\":\"ca\",\"@id\":\"https:\/\/bcn.myplacenet.app\/ca\/social\/#primaryimage\",\"url\":\"https:\/\/bcn.myplacenet.app\/wp-content\/uploads\/2025\/01\/Icon10.svg\",\"contentUrl\":\"https:\/\/bcn.myplacenet.app\/wp-content\/uploads\/2025\/01\/Icon10.svg\"},{\"@type\":\"BreadcrumbList\",\"@id\":\"https:\/\/bcn.myplacenet.app\/ca\/social\/#breadcrumb\",\"itemListElement\":[{\"@type\":\"ListItem\",\"position\":1,\"name\":\"Portada\",\"item\":\"https:\/\/bcn.myplacenet.app\/ca\/\"},{\"@type\":\"ListItem\",\"position\":2,\"name\":\"Social\"}]},{\"@type\":\"WebSite\",\"@id\":\"https:\/\/bcn.myplacenet.app\/ca\/#website\",\"url\":\"https:\/\/bcn.myplacenet.app\/ca\/\",\"name\":\"Placenet BCN\",\"description\":\" Conoce Gente y \u00danete a Planes en Tu Zona en Tiempo Real\",\"potentialAction\":[{\"@type\":\"SearchAction\",\"target\":{\"@type\":\"EntryPoint\",\"urlTemplate\":\"https:\/\/bcn.myplacenet.app\/ca\/?s={search_term_string}\"},\"query-input\":{\"@type\":\"PropertyValueSpecification\",\"valueRequired\":true,\"valueName\":\"search_term_string\"}}],\"inLanguage\":\"ca\"}]}<\/script>\n<!-- \/ Yoast SEO plugin. -->","yoast_head_json":{"title":"Socialitza en Temps Real amb Placenet - Xat Segur i Privat","description":"Amb Placenet pots xatejar en temps real, descobrir activitats i con\u00e8ixer persones a la teva zona sense compartir les teves dades personals. Uneix-te ara!\"","robots":{"index":"index","follow":"follow","max-snippet":"max-snippet:-1","max-image-preview":"max-image-preview:large","max-video-preview":"max-video-preview:-1"},"canonical":"https:\/\/bcn.myplacenet.app\/ca\/social\/","og_locale":"ca_ES","og_type":"article","og_title":"Socialitza en Temps Real amb Placenet - Xat Segur i Privat","og_description":"Amb Placenet pots xatejar en temps real, descobrir activitats i con\u00e8ixer persones a la teva zona sense compartir les teves dades personals. Uneix-te ara!\"","og_url":"https:\/\/bcn.myplacenet.app\/ca\/social\/","og_site_name":"Placenet BCN","article_modified_time":"2025-02-19T12:35:29+00:00","og_image":[{"url":"https:\/\/bcn.myplacenet.app\/wp-content\/uploads\/2025\/01\/Icon10.svg","type":"","width":"","height":""}],"twitter_card":"summary_large_image","twitter_misc":{"Temps estimat de lectura":"3 minuts"},"schema":{"@context":"https:\/\/schema.org","@graph":[{"@type":"WebPage","@id":"https:\/\/bcn.myplacenet.app\/ca\/social\/","url":"https:\/\/bcn.myplacenet.app\/ca\/social\/","name":"Socialitza en Temps Real amb Placenet - Xat Segur i Privat","isPartOf":{"@id":"https:\/\/bcn.myplacenet.app\/ca\/#website"},"primaryImageOfPage":{"@id":"https:\/\/bcn.myplacenet.app\/ca\/social\/#primaryimage"},"image":{"@id":"https:\/\/bcn.myplacenet.app\/ca\/social\/#primaryimage"},"thumbnailUrl":"https:\/\/bcn.myplacenet.app\/wp-content\/uploads\/2025\/01\/Icon10.svg","datePublished":"2024-12-27T15:53:28+00:00","dateModified":"2025-02-19T12:35:29+00:00","description":"Amb Placenet pots xatejar en temps real, descobrir activitats i con\u00e8ixer persones a la teva zona sense compartir les teves dades personals. Uneix-te ara!\"","breadcrumb":{"@id":"https:\/\/bcn.myplacenet.app\/ca\/social\/#breadcrumb"},"inLanguage":"ca","potentialAction":[{"@type":"ReadAction","target":["https:\/\/bcn.myplacenet.app\/ca\/social\/"]}]},{"@type":"ImageObject","inLanguage":"ca","@id":"https:\/\/bcn.myplacenet.app\/ca\/social\/#primaryimage","url":"https:\/\/bcn.myplacenet.app\/wp-content\/uploads\/2025\/01\/Icon10.svg","contentUrl":"https:\/\/bcn.myplacenet.app\/wp-content\/uploads\/2025\/01\/Icon10.svg"},{"@type":"BreadcrumbList","@id":"https:\/\/bcn.myplacenet.app\/ca\/social\/#breadcrumb","itemListElement":[{"@type":"ListItem","position":1,"name":"Portada","item":"https:\/\/bcn.myplacenet.app\/ca\/"},{"@type":"ListItem","position":2,"name":"Social"}]},{"@type":"WebSite","@id":"https:\/\/bcn.myplacenet.app\/ca\/#website","url":"https:\/\/bcn.myplacenet.app\/ca\/","name":"Placenet BCN","description":" Conoce Gente y \u00danete a Planes en Tu Zona en Tiempo Real","potentialAction":[{"@type":"SearchAction","target":{"@type":"EntryPoint","urlTemplate":"https:\/\/bcn.myplacenet.app\/ca\/?s={search_term_string}"},"query-input":{"@type":"PropertyValueSpecification","valueRequired":true,"valueName":"search_term_string"}}],"inLanguage":"ca"}]}},"_links":{"self":[{"href":"https:\/\/bcn.myplacenet.app\/ca\/wp-json\/wp\/v2\/pages\/2164","targetHints":{"allow":["GET"]}}],"collection":[{"href":"https:\/\/bcn.myplacenet.app\/ca\/wp-json\/wp\/v2\/pages"}],"about":[{"href":"https:\/\/bcn.myplacenet.app\/ca\/wp-json\/wp\/v2\/types\/page"}],"author":[{"embeddable":true,"href":"https:\/\/bcn.myplacenet.app\/ca\/wp-json\/wp\/v2\/users\/2"}],"replies":[{"embeddable":true,"href":"https:\/\/bcn.myplacenet.app\/ca\/wp-json\/wp\/v2\/comments?post=2164"}],"version-history":[{"count":5,"href":"https:\/\/bcn.myplacenet.app\/ca\/wp-json\/wp\/v2\/pages\/2164\/revisions"}],"predecessor-version":[{"id":2185,"href":"https:\/\/bcn.myplacenet.app\/ca\/wp-json\/wp\/v2\/pages\/2164\/revisions\/2185"}],"wp:attachment":[{"href":"https:\/\/bcn.myplacenet.app\/ca\/wp-json\/wp\/v2\/media?parent=2164"}],"curies":[{"name":"wp","href":"https:\/\/api.w.org\/{rel}","templated":true}]}}